{"id":3935,"date":"2022-01-14T15:53:34","date_gmt":"2022-01-14T15:53:34","guid":{"rendered":"https:\/\/2022.dev2.lakoukajou.ht\/?page_id=3935"},"modified":"2025-01-09T12:42:42","modified_gmt":"2025-01-09T17:42:42","slug":"danse-sote-ponpe","status":"publish","type":"page","link":"https:\/\/lakoukajou.ht\/en\/children\/sing-a-song\/danse-sote-ponpe\/","title":{"rendered":"Danse, sote, ponpe"},"content":{"rendered":"\t\t<div data-elementor-type=\"wp-page\" data-elementor-id=\"3935\" class=\"elementor elementor-3935 elementor-3788\" data-elementor-settings=\"{&quot;element_pack_global_tooltip_width&quot;:{&quot;unit&quot;:&quot;px&quot;,&quot;size&quot;:&quot;&quot;,&quot;sizes&quot;:[]},&quot;element_pack_global_tooltip_width_tablet&quot;:{&quot;unit&quot;:&quot;px&quot;,&quot;size&quot;:&quot;&quot;,&quot;sizes&quot;:[]},&quot;element_pack_global_tooltip_width_mobile&quot;:{&quot;unit&quot;:&quot;px&quot;,&quot;size&quot;:&quot;&quot;,&quot;sizes&quot;:[]},&quot;element_pack_global_tooltip_padding&quot;:{&quot;unit&quot;:&quot;px&quot;,&quot;top&quot;:&quot;&quot;,&quot;right&quot;:&quot;&quot;,&quot;bottom&quot;:&quot;&quot;,&quot;left&quot;:&quot;&quot;,&quot;isLinked&quot;:true},&quot;element_pack_global_tooltip_padding_tablet&quot;:{&quot;unit&quot;:&quot;px&quot;,&quot;top&quot;:&quot;&quot;,&quot;right&quot;:&quot;&quot;,&quot;bottom&quot;:&quot;&quot;,&quot;left&quot;:&quot;&quot;,&quot;isLinked&quot;:true},&quot;element_pack_global_tooltip_padding_mobile&quot;:{&quot;unit&quot;:&quot;px&quot;,&quot;top&quot;:&quot;&quot;,&quot;right&quot;:&quot;&quot;,&quot;bottom&quot;:&quot;&quot;,&quot;left&quot;:&quot;&quot;,&quot;isLinked&quot;:true},&quot;element_pack_global_tooltip_border_radius&quot;:{&quot;unit&quot;:&quot;px&quot;,&quot;top&quot;:&quot;&quot;,&quot;right&quot;:&quot;&quot;,&quot;bottom&quot;:&quot;&quot;,&quot;left&quot;:&quot;&quot;,&quot;isLinked&quot;:true},&quot;element_pack_global_tooltip_border_radius_tablet&quot;:{&quot;unit&quot;:&quot;px&quot;,&quot;top&quot;:&quot;&quot;,&quot;right&quot;:&quot;&quot;,&quot;bottom&quot;:&quot;&quot;,&quot;left&quot;:&quot;&quot;,&quot;isLinked&quot;:true},&quot;element_pack_global_tooltip_border_radius_mobile&quot;:{&quot;unit&quot;:&quot;px&quot;,&quot;top&quot;:&quot;&quot;,&quot;right&quot;:&quot;&quot;,&quot;bottom&quot;:&quot;&quot;,&quot;left&quot;:&quot;&quot;,&quot;isLinked&quot;:true}}\" data-elementor-post-type=\"page\">\n\t\t\t\t<div class=\"elementor-element elementor-element-9238b13 e-flex e-con-boxed e-con e-parent\" data-id=\"9238b13\" data-element_type=\"container\" data-e-type=\"container\" data-settings=\"{&quot;background_background&quot;:&quot;classic&quot;}\">\n\t\t\t\t\t<div class=\"e-con-inner\">\n\t\t<div class=\"elementor-element elementor-element-774c014 e-con-full e-flex e-con e-child\" data-id=\"774c014\" data-element_type=\"container\" data-e-type=\"container\">\n\t\t\t\t<div class=\"elementor-element elementor-element-0d3d8bd elementor-widget elementor-widget-heading\" data-id=\"0d3d8bd\" data-element_type=\"widget\" data-e-type=\"widget\" data-widget_type=\"heading.default\">\n\t\t\t\t<div class=\"elementor-widget-container\">\n\t\t\t\t\t<h2 class=\"elementor-heading-title elementor-size-default\">Danse, sote, ponpe<\/h2>\t\t\t\t<\/div>\n\t\t\t\t<\/div>\n\t\t\t\t<div class=\"elementor-element elementor-element-ac4bd1a elementor-widget-divider--separator-type-pattern elementor-widget-divider--view-line elementor-widget elementor-widget-divider\" data-id=\"ac4bd1a\" data-element_type=\"widget\" data-e-type=\"widget\" data-widget_type=\"divider.default\">\n\t\t\t\t<div class=\"elementor-widget-container\">\n\t\t\t\t\t\t\t<div class=\"elementor-divider\" style=\"--divider-pattern-url: url(&quot;data:image\/svg+xml,%3Csvg xmlns=&#039;http:\/\/www.w3.org\/2000\/svg&#039; preserveAspectRatio=&#039;none&#039; overflow=&#039;visible&#039; height=&#039;100%&#039; viewBox=&#039;0 0 24 24&#039; fill=&#039;none&#039; stroke=&#039;black&#039; stroke-width=&#039;4&#039; stroke-linecap=&#039;square&#039; stroke-miterlimit=&#039;10&#039;%3E%3Cpath d=&#039;M0,6c6,0,6,13,12,13S18,6,24,6&#039;\/%3E%3C\/svg%3E&quot;);\">\n\t\t\t<span class=\"elementor-divider-separator\">\n\t\t\t\t\t\t<\/span>\n\t\t<\/div>\n\t\t\t\t\t\t<\/div>\n\t\t\t\t<\/div>\n\t\t\t\t<div class=\"elementor-element elementor-element-d58d24e elementor-widget elementor-widget-bdt-breadcrumbs\" data-id=\"d58d24e\" data-element_type=\"widget\" data-e-type=\"widget\" data-widget_type=\"bdt-breadcrumbs.default\">\n\t\t\t\t<div class=\"elementor-widget-container\">\n\t\t\t\t\t<div class='bdt-ep-breadcrumbs-wrapper'><ul class=\"bdt-ep-breadcrumb  breadcrumb-align-center \"><li><a href=\"https:\/\/lakoukajou.ht\/en\/\"><span class=\"bdt-ep-breadcrumbs-home-icon\"> <i aria-hidden=\"true\" class=\"fas fa-home\"><\/i> <\/span>Lakou Kajou<\/a><\/li>\n<li><a href=\"https:\/\/lakoukajou.ht\/en\/children\/\">Children<\/a><\/li>\n<li><a href=\"https:\/\/lakoukajou.ht\/en\/children\/sing-a-song\/\">Sing a song<\/a><\/li>\n<li><span> Danse, sote, ponpe<\/span><\/li>\n<\/ul><\/div>\t\t\t\t<\/div>\n\t\t\t\t<\/div>\n\t\t\t\t<\/div>\n\t\t\t\t\t<\/div>\n\t\t\t\t<\/div>\n\t\t<div class=\"elementor-element elementor-element-4dc33a2 e-flex e-con-boxed e-con e-parent\" data-id=\"4dc33a2\" data-element_type=\"container\" data-e-type=\"container\">\n\t\t\t\t\t<div class=\"e-con-inner\">\n\t\t<div class=\"elementor-element elementor-element-399667f e-con-full e-flex e-con e-child\" data-id=\"399667f\" data-element_type=\"container\" data-e-type=\"container\">\n\t\t<div class=\"elementor-element elementor-element-ed401b3 e-con-full e-flex e-con e-child\" data-id=\"ed401b3\" data-element_type=\"container\" data-e-type=\"container\" data-settings=\"{&quot;background_background&quot;:&quot;classic&quot;}\">\n\t\t\t\t<div class=\"elementor-element elementor-element-7236f14 elementor-widget elementor-widget-spacer\" data-id=\"7236f14\" data-element_type=\"widget\" data-e-type=\"widget\" data-widget_type=\"spacer.default\">\n\t\t\t\t<div class=\"elementor-widget-container\">\n\t\t\t\t\t\t\t<div class=\"elementor-spacer\">\n\t\t\t<div class=\"elementor-spacer-inner\"><\/div>\n\t\t<\/div>\n\t\t\t\t\t\t<\/div>\n\t\t\t\t<\/div>\n\t\t\t\t<div class=\"elementor-element elementor-element-eab616e elementor-widget__width-initial elementor-absolute elementor-widget elementor-widget-heading\" data-id=\"eab616e\" data-element_type=\"widget\" data-e-type=\"widget\" data-settings=\"{&quot;_position&quot;:&quot;absolute&quot;}\" data-widget_type=\"heading.default\">\n\t\t\t\t<div class=\"elementor-widget-container\">\n\t\t\t\t\t<h2 class=\"elementor-heading-title elementor-size-default\">Audio<\/h2>\t\t\t\t<\/div>\n\t\t\t\t<\/div>\n\t\t\t\t<div class=\"elementor-element elementor-element-84322ff elementor-widget elementor-widget-audio\" data-id=\"84322ff\" data-element_type=\"widget\" data-e-type=\"widget\" data-widget_type=\"audio.default\">\n\t\t\t\t<div class=\"elementor-widget-container\">\n\t\t\t\t\t\t\t\t<div class=\"elementor-soundcloud-wrapper\">\n\t\t\t\t<iframe width=\"1200\" height=\"400\" frameborder=\"no\" src=\"https:\/\/w.soundcloud.com\/player\/?visual=true&#038;url=https%3A%2F%2Fapi.soundcloud.com%2Ftracks%2F1102966177&#038;show_artwork=false&#038;maxheight=1000&#038;maxwidth=1200&#038;auto_play=false&#038;buying=false&#038;liking=true&#038;download=false&#038;sharing=true&#038;show_comments=false&#038;show_playcount=true&#038;show_user=true&#038;color\"><\/iframe>\t\t\t<\/div>\n\t\t\t\t\t\t\t<\/div>\n\t\t\t\t<\/div>\n\t\t\t\t<\/div>\n\t\t<div class=\"elementor-element elementor-element-7f267cd e-con-full e-flex e-con e-child\" data-id=\"7f267cd\" data-element_type=\"container\" data-e-type=\"container\" data-settings=\"{&quot;background_background&quot;:&quot;classic&quot;}\">\n\t\t\t\t<div class=\"elementor-element elementor-element-8b2e1e1 elementor-widget__width-initial elementor-absolute elementor-widget elementor-widget-heading\" data-id=\"8b2e1e1\" data-element_type=\"widget\" data-e-type=\"widget\" data-settings=\"{&quot;_position&quot;:&quot;absolute&quot;}\" data-widget_type=\"heading.default\">\n\t\t\t\t<div class=\"elementor-widget-container\">\n\t\t\t\t\t<h2 class=\"elementor-heading-title elementor-size-default\">Activity<\/h2>\t\t\t\t<\/div>\n\t\t\t\t<\/div>\n\t\t\t\t<div class=\"elementor-element elementor-element-d6f1e04 elementor-widget elementor-widget-spacer\" data-id=\"d6f1e04\" data-element_type=\"widget\" data-e-type=\"widget\" data-widget_type=\"spacer.default\">\n\t\t\t\t<div class=\"elementor-widget-container\">\n\t\t\t\t\t\t\t<div class=\"elementor-spacer\">\n\t\t\t<div class=\"elementor-spacer-inner\"><\/div>\n\t\t<\/div>\n\t\t\t\t\t\t<\/div>\n\t\t\t\t<\/div>\n\t\t\t\t<div class=\"elementor-element elementor-element-7bdbde4 elementor-widget elementor-widget-text-editor\" data-id=\"7bdbde4\" data-element_type=\"widget\" data-e-type=\"widget\" data-widget_type=\"text-editor.default\">\n\t\t\t\t<div class=\"elementor-widget-container\">\n\t\t\t\t\t\t\t\t\t<p>Come up with gestures and movements to go along with the song lyrics.<\/p>\t\t\t\t\t\t\t\t<\/div>\n\t\t\t\t<\/div>\n\t\t\t\t<\/div>\n\t\t\t\t<\/div>\n\t\t<div class=\"elementor-element elementor-element-784985a e-con-full e-flex e-con e-child\" data-id=\"784985a\" data-element_type=\"container\" data-e-type=\"container\" data-settings=\"{&quot;background_background&quot;:&quot;classic&quot;}\">\n\t\t\t\t<div class=\"elementor-element elementor-element-8c38051 elementor-widget__width-initial elementor-absolute elementor-widget elementor-widget-heading\" data-id=\"8c38051\" data-element_type=\"widget\" data-e-type=\"widget\" data-settings=\"{&quot;_position&quot;:&quot;absolute&quot;}\" data-widget_type=\"heading.default\">\n\t\t\t\t<div class=\"elementor-widget-container\">\n\t\t\t\t\t<h2 class=\"elementor-heading-title elementor-size-default\">Lyrics<\/h2>\t\t\t\t<\/div>\n\t\t\t\t<\/div>\n\t\t\t\t<div class=\"elementor-element elementor-element-3d9fa39 elementor-widget elementor-widget-spacer\" data-id=\"3d9fa39\" data-element_type=\"widget\" data-e-type=\"widget\" data-widget_type=\"spacer.default\">\n\t\t\t\t<div class=\"elementor-widget-container\">\n\t\t\t\t\t\t\t<div class=\"elementor-spacer\">\n\t\t\t<div class=\"elementor-spacer-inner\"><\/div>\n\t\t<\/div>\n\t\t\t\t\t\t<\/div>\n\t\t\t\t<\/div>\n\t\t\t\t<div class=\"elementor-element elementor-element-ab07983 elementor-widget elementor-widget-text-editor\" data-id=\"ab07983\" data-element_type=\"widget\" data-e-type=\"widget\" data-settings=\"{&quot;ep_scroll_box_enable&quot;:&quot;yes&quot;}\" data-widget_type=\"text-editor.default\">\n\t\t\t\t<div class=\"elementor-widget-container\">\n\t\t\t\t\t\t\t\t\t<p>Danse, sote, ponpe<\/p><p>L\u00e8 mwen leve l\u00e8 maten<br \/>M bwose dan m mwen benyen<br \/>Mwen k\u00f2manse ap panse<br \/>Ak ki sa mwen pral f\u00e8<br \/>M ape mande ki sa m ka f\u00e8<br \/>M san pozisyon m anl\u00e8 m at\u00e8<br \/>Yon ti vwa nan t\u00e8t mwen vin di bouje se sa k konte<\/p><p>Ou ka danse danse<br \/>Ki sa pou mwen f\u00e8 ?<br \/>Ou ka bese bese<br \/>Ki sa pou mwen f\u00e8 ?<br \/>Ou ka sote sote<br \/>Ki sa pou mwen f\u00e8 ?<br \/>Ou ka kouriiiiii &#8211; y\u00e8hhhhh<br \/>L\u00e8 mwen leve l\u00e8 maten<br \/>M bwose dan m mwen benyen<br \/>Mwen k\u00f2manse ch\u00e8che<br \/>Ki jan pou mwen ka bouje<br \/>M ape danse m ap sote<br \/>Monte bek\u00e0n lago kache<br \/>Depi m ape bouje y\u00e8hhhhh y\u00e8hhhhh<br \/>Se sa ki konte<\/p><p>Ou ka danse danse<br \/>Ki jan w ka bouje<br \/>Ou ka bese bese<br \/>Ki jan w ka bouje<br \/>Ou ka sote sote<br \/>Ki jan w ka bouje<br \/>Ou ka kouriiiiii &#8211; y\u00e8hhhhh<br \/>Depi w vle santi w byen<br \/>F\u00e8 egz\u00e8sis pou w bouje<\/p><p>Depi w vle souri<br \/>Met mizik epi danse<br \/>Li pa bezwen konplike<br \/>Bouje se sa k konte<br \/>Danse ! Sote ! Ponpe ! Kouri !<br \/>Bouje ! Bouje ! Bouje !<\/p>\t\t\t\t\t\t\t\t<\/div>\n\t\t\t\t<\/div>\n\t\t\t\t<\/div>\n\t\t\t\t\t<\/div>\n\t\t\t\t<\/div>\n\t\t\t\t<\/div>\n\t\t","protected":false},"excerpt":{"rendered":"<p>Lakou Kajou Page Audio Activity Come up with gestures and movements to go along with the song lyrics. Lyrics Danse, sote, ponpe L\u00e8 mwen leve l\u00e8 matenM bwose dan m mwen benyenMwen k\u00f2manse ap panseAk ki sa mwen pral f\u00e8M ape mande ki sa m ka f\u00e8M san pozisyon m anl\u00e8 m at\u00e8Yon ti vwa [&hellip;]<\/p>\n","protected":false},"author":1,"featured_media":0,"parent":3910,"menu_order":0,"comment_status":"closed","ping_status":"closed","template":"","meta":{"site-sidebar-layout":"no-sidebar","site-content-layout":"page-builder","ast-site-content-layout":"default","site-content-style":"default","site-sidebar-style":"default","ast-global-header-display":"","ast-banner-title-visibility":"","ast-main-header-display":"","ast-hfb-above-header-display":"","ast-hfb-below-header-display":"","ast-hfb-mobile-header-display":"","site-post-title":"disabled","ast-breadcrumbs-content":"","ast-featured-img":"disabled","footer-sml-layout":"","ast-disable-related-posts":"","theme-transparent-header-meta":"default","adv-header-id-meta":"","stick-header-meta":"","header-above-stick-meta":"","header-main-stick-meta":"","header-below-stick-meta":"","astra-migrate-meta-layouts":"default","ast-page-background-enabled":"default","ast-page-background-meta":{"desktop":{"background-color":"var(--ast-global-color-4)","background-image":"","background-repeat":"repeat","background-position":"center center","background-size":"auto","background-attachment":"scroll","background-type":"","background-media":"","overlay-type":"","overlay-color":"","overlay-opacity":"","overlay-gradient":""},"tablet":{"background-color":"","background-image":"","background-repeat":"repeat","background-position":"center center","background-size":"auto","background-attachment":"scroll","background-type":"","background-media":"","overlay-type":"","overlay-color":"","overlay-opacity":"","overlay-gradient":""},"mobile":{"background-color":"","background-image":"","background-repeat":"repeat","background-position":"center center","background-size":"auto","background-attachment":"scroll","background-type":"","background-media":"","overlay-type":"","overlay-color":"","overlay-opacity":"","overlay-gradient":""}},"ast-content-background-meta":{"desktop":{"background-color":"var(--ast-global-color-5)","background-image":"","background-repeat":"repeat","background-position":"center center","background-size":"auto","background-attachment":"scroll","background-type":"","background-media":"","overlay-type":"","overlay-color":"","overlay-opacity":"","overlay-gradient":""},"tablet":{"background-color":"var(--ast-global-color-5)","background-image":"","background-repeat":"repeat","background-position":"center center","background-size":"auto","background-attachment":"scroll","background-type":"","background-media":"","overlay-type":"","overlay-color":"","overlay-opacity":"","overlay-gradient":""},"mobile":{"background-color":"var(--ast-global-color-5)","background-image":"","background-repeat":"repeat","background-position":"center center","background-size":"auto","background-attachment":"scroll","background-type":"","background-media":"","overlay-type":"","overlay-color":"","overlay-opacity":"","overlay-gradient":""}},"footnotes":""},"class_list":["post-3935","page","type-page","status-publish","hentry"],"_links":{"self":[{"href":"https:\/\/lakoukajou.ht\/en\/wp-json\/wp\/v2\/pages\/3935","targetHints":{"allow":["GET"]}}],"collection":[{"href":"https:\/\/lakoukajou.ht\/en\/wp-json\/wp\/v2\/pages"}],"about":[{"href":"https:\/\/lakoukajou.ht\/en\/wp-json\/wp\/v2\/types\/page"}],"author":[{"embeddable":true,"href":"https:\/\/lakoukajou.ht\/en\/wp-json\/wp\/v2\/users\/1"}],"replies":[{"embeddable":true,"href":"https:\/\/lakoukajou.ht\/en\/wp-json\/wp\/v2\/comments?post=3935"}],"version-history":[{"count":5,"href":"https:\/\/lakoukajou.ht\/en\/wp-json\/wp\/v2\/pages\/3935\/revisions"}],"predecessor-version":[{"id":18519,"href":"https:\/\/lakoukajou.ht\/en\/wp-json\/wp\/v2\/pages\/3935\/revisions\/18519"}],"up":[{"embeddable":true,"href":"https:\/\/lakoukajou.ht\/en\/wp-json\/wp\/v2\/pages\/3910"}],"wp:attachment":[{"href":"https:\/\/lakoukajou.ht\/en\/wp-json\/wp\/v2\/media?parent=3935"}],"curies":[{"name":"wp","href":"https:\/\/api.w.org\/{rel}","templated":true}]}}