{"id":3942,"date":"2022-01-14T15:51:31","date_gmt":"2022-01-14T15:51:31","guid":{"rendered":"https:\/\/2022.dev2.lakoukajou.ht\/?page_id=3942"},"modified":"2025-01-09T13:14:43","modified_gmt":"2025-01-09T18:14:43","slug":"mamife","status":"publish","type":"page","link":"https:\/\/lakoukajou.ht\/en\/children\/sing-a-song\/mamife\/","title":{"rendered":"Mamif\u00e8"},"content":{"rendered":"\t\t<div data-elementor-type=\"wp-page\" data-elementor-id=\"3942\" class=\"elementor elementor-3942 elementor-3825\" data-elementor-settings=\"{&quot;element_pack_global_tooltip_width&quot;:{&quot;unit&quot;:&quot;px&quot;,&quot;size&quot;:&quot;&quot;,&quot;sizes&quot;:[]},&quot;element_pack_global_tooltip_width_tablet&quot;:{&quot;unit&quot;:&quot;px&quot;,&quot;size&quot;:&quot;&quot;,&quot;sizes&quot;:[]},&quot;element_pack_global_tooltip_width_mobile&quot;:{&quot;unit&quot;:&quot;px&quot;,&quot;size&quot;:&quot;&quot;,&quot;sizes&quot;:[]},&quot;element_pack_global_tooltip_padding&quot;:{&quot;unit&quot;:&quot;px&quot;,&quot;top&quot;:&quot;&quot;,&quot;right&quot;:&quot;&quot;,&quot;bottom&quot;:&quot;&quot;,&quot;left&quot;:&quot;&quot;,&quot;isLinked&quot;:true},&quot;element_pack_global_tooltip_padding_tablet&quot;:{&quot;unit&quot;:&quot;px&quot;,&quot;top&quot;:&quot;&quot;,&quot;right&quot;:&quot;&quot;,&quot;bottom&quot;:&quot;&quot;,&quot;left&quot;:&quot;&quot;,&quot;isLinked&quot;:true},&quot;element_pack_global_tooltip_padding_mobile&quot;:{&quot;unit&quot;:&quot;px&quot;,&quot;top&quot;:&quot;&quot;,&quot;right&quot;:&quot;&quot;,&quot;bottom&quot;:&quot;&quot;,&quot;left&quot;:&quot;&quot;,&quot;isLinked&quot;:true},&quot;element_pack_global_tooltip_border_radius&quot;:{&quot;unit&quot;:&quot;px&quot;,&quot;top&quot;:&quot;&quot;,&quot;right&quot;:&quot;&quot;,&quot;bottom&quot;:&quot;&quot;,&quot;left&quot;:&quot;&quot;,&quot;isLinked&quot;:true},&quot;element_pack_global_tooltip_border_radius_tablet&quot;:{&quot;unit&quot;:&quot;px&quot;,&quot;top&quot;:&quot;&quot;,&quot;right&quot;:&quot;&quot;,&quot;bottom&quot;:&quot;&quot;,&quot;left&quot;:&quot;&quot;,&quot;isLinked&quot;:true},&quot;element_pack_global_tooltip_border_radius_mobile&quot;:{&quot;unit&quot;:&quot;px&quot;,&quot;top&quot;:&quot;&quot;,&quot;right&quot;:&quot;&quot;,&quot;bottom&quot;:&quot;&quot;,&quot;left&quot;:&quot;&quot;,&quot;isLinked&quot;:true}}\" data-elementor-post-type=\"page\">\n\t\t\t\t<div class=\"elementor-element elementor-element-74b41a7 e-flex e-con-boxed e-con e-parent\" data-id=\"74b41a7\" data-element_type=\"container\" data-e-type=\"container\" data-settings=\"{&quot;background_background&quot;:&quot;classic&quot;}\">\n\t\t\t\t\t<div class=\"e-con-inner\">\n\t\t<div class=\"elementor-element elementor-element-e6be60c e-con-full e-flex e-con e-child\" data-id=\"e6be60c\" data-element_type=\"container\" data-e-type=\"container\">\n\t\t\t\t<div class=\"elementor-element elementor-element-bcf7845 elementor-widget elementor-widget-heading\" data-id=\"bcf7845\" data-element_type=\"widget\" data-e-type=\"widget\" data-widget_type=\"heading.default\">\n\t\t\t\t<div class=\"elementor-widget-container\">\n\t\t\t\t\t<h2 class=\"elementor-heading-title elementor-size-default\">Mamif\u00e8<\/h2>\t\t\t\t<\/div>\n\t\t\t\t<\/div>\n\t\t\t\t<div class=\"elementor-element elementor-element-e57c0b7 elementor-widget-divider--separator-type-pattern elementor-widget-divider--view-line elementor-widget elementor-widget-divider\" data-id=\"e57c0b7\" data-element_type=\"widget\" data-e-type=\"widget\" data-widget_type=\"divider.default\">\n\t\t\t\t<div class=\"elementor-widget-container\">\n\t\t\t\t\t\t\t<div class=\"elementor-divider\" style=\"--divider-pattern-url: url(&quot;data:image\/svg+xml,%3Csvg xmlns=&#039;http:\/\/www.w3.org\/2000\/svg&#039; preserveAspectRatio=&#039;none&#039; overflow=&#039;visible&#039; height=&#039;100%&#039; viewBox=&#039;0 0 24 24&#039; fill=&#039;none&#039; stroke=&#039;black&#039; stroke-width=&#039;4&#039; stroke-linecap=&#039;square&#039; stroke-miterlimit=&#039;10&#039;%3E%3Cpath d=&#039;M0,6c6,0,6,13,12,13S18,6,24,6&#039;\/%3E%3C\/svg%3E&quot;);\">\n\t\t\t<span class=\"elementor-divider-separator\">\n\t\t\t\t\t\t<\/span>\n\t\t<\/div>\n\t\t\t\t\t\t<\/div>\n\t\t\t\t<\/div>\n\t\t\t\t<div class=\"elementor-element elementor-element-7a18204 elementor-widget elementor-widget-bdt-breadcrumbs\" data-id=\"7a18204\" data-element_type=\"widget\" data-e-type=\"widget\" data-widget_type=\"bdt-breadcrumbs.default\">\n\t\t\t\t<div class=\"elementor-widget-container\">\n\t\t\t\t\t<div class='bdt-ep-breadcrumbs-wrapper'><ul class=\"bdt-ep-breadcrumb  breadcrumb-align-center \"><li><a href=\"https:\/\/lakoukajou.ht\/en\/\"><span class=\"bdt-ep-breadcrumbs-home-icon\"> <i aria-hidden=\"true\" class=\"fas fa-home\"><\/i> <\/span>Lakou Kajou<\/a><\/li>\n<li><a href=\"https:\/\/lakoukajou.ht\/en\/children\/\">Children<\/a><\/li>\n<li><a href=\"https:\/\/lakoukajou.ht\/en\/children\/sing-a-song\/\">Sing a song<\/a><\/li>\n<li><span> Mamif\u00e8<\/span><\/li>\n<\/ul><\/div>\t\t\t\t<\/div>\n\t\t\t\t<\/div>\n\t\t\t\t<\/div>\n\t\t\t\t\t<\/div>\n\t\t\t\t<\/div>\n\t\t<div class=\"elementor-element elementor-element-f1bc80c e-grid e-con-boxed e-con e-parent\" data-id=\"f1bc80c\" data-element_type=\"container\" data-e-type=\"container\">\n\t\t\t\t\t<div class=\"e-con-inner\">\n\t\t<div class=\"elementor-element elementor-element-4960891 e-con-full e-flex e-con e-child\" data-id=\"4960891\" data-element_type=\"container\" data-e-type=\"container\" data-settings=\"{&quot;background_background&quot;:&quot;classic&quot;}\">\n\t\t\t\t<div class=\"elementor-element elementor-element-abcfc42 elementor-widget__width-initial elementor-absolute elementor-widget elementor-widget-heading\" data-id=\"abcfc42\" data-element_type=\"widget\" data-e-type=\"widget\" data-settings=\"{&quot;_position&quot;:&quot;absolute&quot;}\" data-widget_type=\"heading.default\">\n\t\t\t\t<div class=\"elementor-widget-container\">\n\t\t\t\t\t<h2 class=\"elementor-heading-title elementor-size-default\">Video<\/h2>\t\t\t\t<\/div>\n\t\t\t\t<\/div>\n\t\t\t\t<div class=\"elementor-element elementor-element-b0667ea elementor-widget elementor-widget-spacer\" data-id=\"b0667ea\" data-element_type=\"widget\" data-e-type=\"widget\" data-widget_type=\"spacer.default\">\n\t\t\t\t<div class=\"elementor-widget-container\">\n\t\t\t\t\t\t\t<div class=\"elementor-spacer\">\n\t\t\t<div class=\"elementor-spacer-inner\"><\/div>\n\t\t<\/div>\n\t\t\t\t\t\t<\/div>\n\t\t\t\t<\/div>\n\t\t\t\t<div class=\"elementor-element elementor-element-96a4751 uael-video-sticky-bottom_right uael-youtube-subscribe-yes uael-aspect-ratio-16_9 uael-subscribe-responsive-none elementor-widget elementor-widget-uael-video\" data-id=\"96a4751\" data-element_type=\"widget\" data-e-type=\"widget\" data-settings=\"{&quot;sticky_video_margin&quot;:{&quot;unit&quot;:&quot;px&quot;,&quot;top&quot;:&quot;&quot;,&quot;right&quot;:&quot;&quot;,&quot;bottom&quot;:&quot;&quot;,&quot;left&quot;:&quot;&quot;,&quot;isLinked&quot;:true},&quot;sticky_video_margin_tablet&quot;:{&quot;unit&quot;:&quot;px&quot;,&quot;top&quot;:&quot;&quot;,&quot;right&quot;:&quot;&quot;,&quot;bottom&quot;:&quot;&quot;,&quot;left&quot;:&quot;&quot;,&quot;isLinked&quot;:true},&quot;sticky_video_margin_mobile&quot;:{&quot;unit&quot;:&quot;px&quot;,&quot;top&quot;:&quot;&quot;,&quot;right&quot;:&quot;&quot;,&quot;bottom&quot;:&quot;&quot;,&quot;left&quot;:&quot;&quot;,&quot;isLinked&quot;:true}}\" data-widget_type=\"uael-video.default\">\n\t\t\t\t<div class=\"elementor-widget-container\">\n\t\t\t\t\t\t\t\t\t\t\t<div data-stickybottom=\"\" class=\"uael-video__outer-wrap  uael-video-type-youtube\" data-device=\"false\" data-vsticky=\"yes\" data-hidedesktop=\"\" data-hidetablet=\"\" data-hidemobile=\"\" data-vsticky-viewport=\"0\" data-autoplay=\"0\">\n\t\t\t\t\t\t<div class=\"uael-video-inner-wrap\">\n\t\t\t\t<div class=\"uael-video__play\" data-src=\"https:\/\/www.youtube.com\/embed\/co4nqX1LXaY?rel=0&amp;start&amp;end&amp;controls=1&amp;mute=0&amp;modestbranding=1&amp;\">\n\t\t\t\t\t<img decoding=\"async\" class=\"uael-video__thumb\" src=\"https:\/\/i.ytimg.com\/vi\/co4nqX1LXaY\/maxresdefault.jpg\" alt=\"\"><\/img>\n\t\t\t\t\t<div class=\"uael-video__play-icon uael-animation-\">\n\t\t\t\t\t\t<i aria-hidden=\"true\" class=\"fa fa-play-circle\"><\/i>\t\t\t\t\t<\/div>\n\t\t\t\t<\/div>\n\t\t\t\t\t\t\t\t\t<div class=\"uael-video-sticky-close\">\n\t\t\t\t\t\t<i class=\"fas fa-times uael-sticky-close-icon\"><\/i>\n\t\t\t\t\t<\/div>\n\t\t\t\t\t\t\t\t\t\t\t<\/div>\n\t\t<\/div>\n\t\t\t\t\t\t<div class=\"uael-subscribe-bar\">\n\t\t\t\t<div class=\"uael-subscribe-bar-prefix\">Subscribe to our YouTube Channel<\/div>\n\t\t\t\t<div class=\"uael-subscribe-content\">\n\t\t\t\t\t\t\t\t\t\t\t\t\t\t<div class=\"g-ytsubscribe\" data-channelid=\"UC5sW4l6omI4HKeygxY1vYnQ\" data-count=\"default\"><\/div>\n\t\t\t\t\t\t\t\t\t<\/div>\n\t\t\t<\/div>\n\t\t\t\t\t\t\t\t<\/div>\n\t\t\t\t<\/div>\n\t\t\t\t<\/div>\n\t\t<div class=\"elementor-element elementor-element-2c12a81 e-con-full e-flex e-con e-child\" data-id=\"2c12a81\" data-element_type=\"container\" data-e-type=\"container\" data-settings=\"{&quot;background_background&quot;:&quot;classic&quot;}\">\n\t\t\t\t<div class=\"elementor-element elementor-element-ac2f302 elementor-widget__width-initial elementor-absolute elementor-widget elementor-widget-heading\" data-id=\"ac2f302\" data-element_type=\"widget\" data-e-type=\"widget\" data-settings=\"{&quot;_position&quot;:&quot;absolute&quot;}\" data-widget_type=\"heading.default\">\n\t\t\t\t<div class=\"elementor-widget-container\">\n\t\t\t\t\t<h2 class=\"elementor-heading-title elementor-size-default\">Activity<\/h2>\t\t\t\t<\/div>\n\t\t\t\t<\/div>\n\t\t\t\t<div class=\"elementor-element elementor-element-64cd7dc elementor-widget elementor-widget-spacer\" data-id=\"64cd7dc\" data-element_type=\"widget\" data-e-type=\"widget\" data-widget_type=\"spacer.default\">\n\t\t\t\t<div class=\"elementor-widget-container\">\n\t\t\t\t\t\t\t<div class=\"elementor-spacer\">\n\t\t\t<div class=\"elementor-spacer-inner\"><\/div>\n\t\t<\/div>\n\t\t\t\t\t\t<\/div>\n\t\t\t\t<\/div>\n\t\t\t\t<div class=\"elementor-element elementor-element-661cfef elementor-widget elementor-widget-text-editor\" data-id=\"661cfef\" data-element_type=\"widget\" data-e-type=\"widget\" data-widget_type=\"text-editor.default\">\n\t\t\t\t<div class=\"elementor-widget-container\">\n\t\t\t\t\t\t\t\t\t<p>Create a brand new verse to add on to the song using the same melody.<\/p>\t\t\t\t\t\t\t\t<\/div>\n\t\t\t\t<\/div>\n\t\t\t\t<\/div>\n\t\t<div class=\"elementor-element elementor-element-b6c3388 e-con-full e-flex e-con e-child\" data-id=\"b6c3388\" data-element_type=\"container\" data-e-type=\"container\" data-settings=\"{&quot;background_background&quot;:&quot;classic&quot;}\">\n\t\t\t\t<div class=\"elementor-element elementor-element-ab2e071 elementor-widget elementor-widget-spacer\" data-id=\"ab2e071\" data-element_type=\"widget\" data-e-type=\"widget\" data-widget_type=\"spacer.default\">\n\t\t\t\t<div class=\"elementor-widget-container\">\n\t\t\t\t\t\t\t<div class=\"elementor-spacer\">\n\t\t\t<div class=\"elementor-spacer-inner\"><\/div>\n\t\t<\/div>\n\t\t\t\t\t\t<\/div>\n\t\t\t\t<\/div>\n\t\t\t\t<div class=\"elementor-element elementor-element-56e8729 elementor-widget__width-initial elementor-absolute elementor-widget elementor-widget-heading\" data-id=\"56e8729\" data-element_type=\"widget\" data-e-type=\"widget\" data-settings=\"{&quot;_position&quot;:&quot;absolute&quot;}\" data-widget_type=\"heading.default\">\n\t\t\t\t<div class=\"elementor-widget-container\">\n\t\t\t\t\t<h2 class=\"elementor-heading-title elementor-size-default\">Audio<\/h2>\t\t\t\t<\/div>\n\t\t\t\t<\/div>\n\t\t\t\t<div class=\"elementor-element elementor-element-153c9ee elementor-widget elementor-widget-audio\" data-id=\"153c9ee\" data-element_type=\"widget\" data-e-type=\"widget\" data-widget_type=\"audio.default\">\n\t\t\t\t<div class=\"elementor-widget-container\">\n\t\t\t\t\t\t\t\t<div class=\"elementor-soundcloud-wrapper\">\n\t\t\t\t<iframe width=\"1200\" height=\"400\" frameborder=\"no\" src=\"https:\/\/w.soundcloud.com\/player\/?visual=true&#038;url=https%3A%2F%2Fapi.soundcloud.com%2Ftracks%2F1103676097&#038;show_artwork=false&#038;maxheight=1000&#038;maxwidth=1200&#038;auto_play=false&#038;buying=false&#038;liking=true&#038;download=false&#038;sharing=true&#038;show_comments=false&#038;show_playcount=true&#038;show_user=true&#038;color\"><\/iframe>\t\t\t<\/div>\n\t\t\t\t\t\t\t<\/div>\n\t\t\t\t<\/div>\n\t\t\t\t<\/div>\n\t\t<div class=\"elementor-element elementor-element-997e762 e-con-full e-flex e-con e-child\" data-id=\"997e762\" data-element_type=\"container\" data-e-type=\"container\" data-settings=\"{&quot;background_background&quot;:&quot;classic&quot;}\">\n\t\t\t\t<div class=\"elementor-element elementor-element-84248f8 elementor-widget__width-initial elementor-absolute elementor-widget elementor-widget-heading\" data-id=\"84248f8\" data-element_type=\"widget\" data-e-type=\"widget\" data-settings=\"{&quot;_position&quot;:&quot;absolute&quot;}\" data-widget_type=\"heading.default\">\n\t\t\t\t<div class=\"elementor-widget-container\">\n\t\t\t\t\t<h2 class=\"elementor-heading-title elementor-size-default\">Lyrics<\/h2>\t\t\t\t<\/div>\n\t\t\t\t<\/div>\n\t\t\t\t<div class=\"elementor-element elementor-element-28bef66 elementor-widget elementor-widget-spacer\" data-id=\"28bef66\" data-element_type=\"widget\" data-e-type=\"widget\" data-widget_type=\"spacer.default\">\n\t\t\t\t<div class=\"elementor-widget-container\">\n\t\t\t\t\t\t\t<div class=\"elementor-spacer\">\n\t\t\t<div class=\"elementor-spacer-inner\"><\/div>\n\t\t<\/div>\n\t\t\t\t\t\t<\/div>\n\t\t\t\t<\/div>\n\t\t\t\t<div class=\"elementor-element elementor-element-cb1e44c elementor-widget elementor-widget-text-editor\" data-id=\"cb1e44c\" data-element_type=\"widget\" data-e-type=\"widget\" data-settings=\"{&quot;ep_scroll_box_enable&quot;:&quot;yes&quot;}\" data-widget_type=\"text-editor.default\">\n\t\t\t\t<div class=\"elementor-widget-container\">\n\t\t\t\t\t\t\t\t\t<p>Mamif\u00e8<\/p><p>Mwen di \u00e8ske w vle konnen (x2)<br \/>Sa ki yon mamif\u00e8 ?<\/p><p>Wi ! Nou vle konnen (x2)<br \/>Sa ki yon mamif\u00e8 !<\/p><p>Yon mamif\u00e8<br \/>Se yon gwoup zannimo<br \/>Ki ap viv sou t\u00e8, oubyen nan dlo<br \/>Li tr\u00e8 fasil pou w rekon\u00e8t mamif\u00e8 yo<br \/>Mwen pral esplike ou ki jan.<\/p><p>Kouman ?<br \/>\u00c8ske ou vle konnen (x2)<br \/>Sa ki yon mamif\u00e8 ?<br \/>Wi ! Nou vle konnen (x2)<br \/>Sa ki yon mamif\u00e8 !<\/p><p>Mwen di :<br \/>(1) youn, yo gen pwal sou po yo<br \/>2. Yo bay bebe yo l\u00e8t<br \/>3. Yo gen kol\u00f2n v\u00e8tebral<br \/>4. Yo gen poumon pou yo respire<\/p><p>\u00c8ske ou vle konnen (x2)<br \/>Sa ki yon mamif\u00e8 ?<\/p><p>Wi ! Nou vle konnen (x2)<br \/>Sa ki yon mamif\u00e8 !<\/p><p>Yon kabrit, se yon mamif\u00e8<br \/>Yon cheval, se yon mamif\u00e8<br \/>Yon chen, se yon mamif\u00e8<br \/>E menm yon poul ?<\/p><p>Non non non !<br \/>Sa pa mamif\u00e8 !<\/p><p>Yon bourik, se yon mamif\u00e8<br \/>Yon ch\u00f2vsourit, se yon mamif\u00e8<br \/>Yon mouton, se yon mamif\u00e8<br \/>E ou menm, mwen menm, li menm<br \/>Nou se mamif\u00e8<br \/>M di \u00e8ske nou konnen (x2)<br \/>Sa ki yon mamif\u00e8 ?<br \/>Mwen di wi nou konnen (x2)<br \/>Sa ki yon mamif\u00e8 !<\/p><p>\u00c8ske kounye a nou konnen (x2)<br \/>Sa ki yon mamif\u00e8 ?<\/p><p>Mwen di wi nou konnen (x2)<br \/>Sa ki yon mamif\u00e8 !<\/p>\t\t\t\t\t\t\t\t<\/div>\n\t\t\t\t<\/div>\n\t\t\t\t<\/div>\n\t\t\t\t\t<\/div>\n\t\t\t\t<\/div>\n\t\t\t\t<\/div>\n\t\t","protected":false},"excerpt":{"rendered":"<p>Lakou Kajou Page Video Activity Create a brand new verse to add on to the song using the same melody. Audio Lyrics Mamif\u00e8 Mwen di \u00e8ske w vle konnen (x2)Sa ki yon mamif\u00e8 ? Wi ! Nou vle konnen (x2)Sa ki yon mamif\u00e8 ! Yon mamif\u00e8Se yon gwoup zannimoKi ap viv sou t\u00e8, oubyen nan [&hellip;]<\/p>\n","protected":false},"author":1,"featured_media":0,"parent":3910,"menu_order":0,"comment_status":"closed","ping_status":"closed","template":"","meta":{"site-sidebar-layout":"no-sidebar","site-content-layout":"page-builder","ast-site-content-layout":"default","site-content-style":"default","site-sidebar-style":"default","ast-global-header-display":"","ast-banner-title-visibility":"","ast-main-header-display":"","ast-hfb-above-header-display":"","ast-hfb-below-header-display":"","ast-hfb-mobile-header-display":"","site-post-title":"disabled","ast-breadcrumbs-content":"","ast-featured-img":"disabled","footer-sml-layout":"","ast-disable-related-posts":"","theme-transparent-header-meta":"default","adv-header-id-meta":"","stick-header-meta":"","header-above-stick-meta":"","header-main-stick-meta":"","header-below-stick-meta":"","astra-migrate-meta-layouts":"default","ast-page-background-enabled":"default","ast-page-background-meta":{"desktop":{"background-color":"var(--ast-global-color-4)","background-image":"","background-repeat":"repeat","background-position":"center center","background-size":"auto","background-attachment":"scroll","background-type":"","background-media":"","overlay-type":"","overlay-color":"","overlay-opacity":"","overlay-gradient":""},"tablet":{"background-color":"","background-image":"","background-repeat":"repeat","background-position":"center center","background-size":"auto","background-attachment":"scroll","background-type":"","background-media":"","overlay-type":"","overlay-color":"","overlay-opacity":"","overlay-gradient":""},"mobile":{"background-color":"","background-image":"","background-repeat":"repeat","background-position":"center center","background-size":"auto","background-attachment":"scroll","background-type":"","background-media":"","overlay-type":"","overlay-color":"","overlay-opacity":"","overlay-gradient":""}},"ast-content-background-meta":{"desktop":{"background-color":"var(--ast-global-color-5)","background-image":"","background-repeat":"repeat","background-position":"center center","background-size":"auto","background-attachment":"scroll","background-type":"","background-media":"","overlay-type":"","overlay-color":"","overlay-opacity":"","overlay-gradient":""},"tablet":{"background-color":"var(--ast-global-color-5)","background-image":"","background-repeat":"repeat","background-position":"center center","background-size":"auto","background-attachment":"scroll","background-type":"","background-media":"","overlay-type":"","overlay-color":"","overlay-opacity":"","overlay-gradient":""},"mobile":{"background-color":"var(--ast-global-color-5)","background-image":"","background-repeat":"repeat","background-position":"center center","background-size":"auto","background-attachment":"scroll","background-type":"","background-media":"","overlay-type":"","overlay-color":"","overlay-opacity":"","overlay-gradient":""}},"footnotes":""},"class_list":["post-3942","page","type-page","status-publish","hentry"],"_links":{"self":[{"href":"https:\/\/lakoukajou.ht\/en\/wp-json\/wp\/v2\/pages\/3942","targetHints":{"allow":["GET"]}}],"collection":[{"href":"https:\/\/lakoukajou.ht\/en\/wp-json\/wp\/v2\/pages"}],"about":[{"href":"https:\/\/lakoukajou.ht\/en\/wp-json\/wp\/v2\/types\/page"}],"author":[{"embeddable":true,"href":"https:\/\/lakoukajou.ht\/en\/wp-json\/wp\/v2\/users\/1"}],"replies":[{"embeddable":true,"href":"https:\/\/lakoukajou.ht\/en\/wp-json\/wp\/v2\/comments?post=3942"}],"version-history":[{"count":5,"href":"https:\/\/lakoukajou.ht\/en\/wp-json\/wp\/v2\/pages\/3942\/revisions"}],"predecessor-version":[{"id":18540,"href":"https:\/\/lakoukajou.ht\/en\/wp-json\/wp\/v2\/pages\/3942\/revisions\/18540"}],"up":[{"embeddable":true,"href":"https:\/\/lakoukajou.ht\/en\/wp-json\/wp\/v2\/pages\/3910"}],"wp:attachment":[{"href":"https:\/\/lakoukajou.ht\/en\/wp-json\/wp\/v2\/media?parent=3942"}],"curies":[{"name":"wp","href":"https:\/\/api.w.org\/{rel}","templated":true}]}}