{"id":3945,"date":"2022-01-14T15:48:42","date_gmt":"2022-01-14T15:48:42","guid":{"rendered":"https:\/\/2022.dev2.lakoukajou.ht\/?page_id=3945"},"modified":"2025-01-09T13:26:47","modified_gmt":"2025-01-09T18:26:47","slug":"mennen-m-ale","status":"publish","type":"page","link":"https:\/\/lakoukajou.ht\/en\/children\/sing-a-song\/mennen-m-ale\/","title":{"rendered":"Mennen m ale"},"content":{"rendered":"\t\t<div data-elementor-type=\"wp-page\" data-elementor-id=\"3945\" class=\"elementor elementor-3945 elementor-3828\" data-elementor-settings=\"{&quot;element_pack_global_tooltip_width&quot;:{&quot;unit&quot;:&quot;px&quot;,&quot;size&quot;:&quot;&quot;,&quot;sizes&quot;:[]},&quot;element_pack_global_tooltip_width_tablet&quot;:{&quot;unit&quot;:&quot;px&quot;,&quot;size&quot;:&quot;&quot;,&quot;sizes&quot;:[]},&quot;element_pack_global_tooltip_width_mobile&quot;:{&quot;unit&quot;:&quot;px&quot;,&quot;size&quot;:&quot;&quot;,&quot;sizes&quot;:[]},&quot;element_pack_global_tooltip_padding&quot;:{&quot;unit&quot;:&quot;px&quot;,&quot;top&quot;:&quot;&quot;,&quot;right&quot;:&quot;&quot;,&quot;bottom&quot;:&quot;&quot;,&quot;left&quot;:&quot;&quot;,&quot;isLinked&quot;:true},&quot;element_pack_global_tooltip_padding_tablet&quot;:{&quot;unit&quot;:&quot;px&quot;,&quot;top&quot;:&quot;&quot;,&quot;right&quot;:&quot;&quot;,&quot;bottom&quot;:&quot;&quot;,&quot;left&quot;:&quot;&quot;,&quot;isLinked&quot;:true},&quot;element_pack_global_tooltip_padding_mobile&quot;:{&quot;unit&quot;:&quot;px&quot;,&quot;top&quot;:&quot;&quot;,&quot;right&quot;:&quot;&quot;,&quot;bottom&quot;:&quot;&quot;,&quot;left&quot;:&quot;&quot;,&quot;isLinked&quot;:true},&quot;element_pack_global_tooltip_border_radius&quot;:{&quot;unit&quot;:&quot;px&quot;,&quot;top&quot;:&quot;&quot;,&quot;right&quot;:&quot;&quot;,&quot;bottom&quot;:&quot;&quot;,&quot;left&quot;:&quot;&quot;,&quot;isLinked&quot;:true},&quot;element_pack_global_tooltip_border_radius_tablet&quot;:{&quot;unit&quot;:&quot;px&quot;,&quot;top&quot;:&quot;&quot;,&quot;right&quot;:&quot;&quot;,&quot;bottom&quot;:&quot;&quot;,&quot;left&quot;:&quot;&quot;,&quot;isLinked&quot;:true},&quot;element_pack_global_tooltip_border_radius_mobile&quot;:{&quot;unit&quot;:&quot;px&quot;,&quot;top&quot;:&quot;&quot;,&quot;right&quot;:&quot;&quot;,&quot;bottom&quot;:&quot;&quot;,&quot;left&quot;:&quot;&quot;,&quot;isLinked&quot;:true}}\" data-elementor-post-type=\"page\">\n\t\t\t\t<div class=\"elementor-element elementor-element-9a92bd9 e-flex e-con-boxed e-con e-parent\" data-id=\"9a92bd9\" data-element_type=\"container\" data-e-type=\"container\" data-settings=\"{&quot;background_background&quot;:&quot;classic&quot;}\">\n\t\t\t\t\t<div class=\"e-con-inner\">\n\t\t<div class=\"elementor-element elementor-element-19f702a e-con-full e-flex e-con e-child\" data-id=\"19f702a\" data-element_type=\"container\" data-e-type=\"container\">\n\t\t\t\t<div class=\"elementor-element elementor-element-a915da5 elementor-widget elementor-widget-heading\" data-id=\"a915da5\" data-element_type=\"widget\" data-e-type=\"widget\" data-widget_type=\"heading.default\">\n\t\t\t\t<div class=\"elementor-widget-container\">\n\t\t\t\t\t<h2 class=\"elementor-heading-title elementor-size-default\">Mennen m ale<\/h2>\t\t\t\t<\/div>\n\t\t\t\t<\/div>\n\t\t\t\t<div class=\"elementor-element elementor-element-bcdc3e1 elementor-widget-divider--separator-type-pattern elementor-widget-divider--view-line elementor-widget elementor-widget-divider\" data-id=\"bcdc3e1\" data-element_type=\"widget\" data-e-type=\"widget\" data-widget_type=\"divider.default\">\n\t\t\t\t<div class=\"elementor-widget-container\">\n\t\t\t\t\t\t\t<div class=\"elementor-divider\" style=\"--divider-pattern-url: url(&quot;data:image\/svg+xml,%3Csvg xmlns=&#039;http:\/\/www.w3.org\/2000\/svg&#039; preserveAspectRatio=&#039;none&#039; overflow=&#039;visible&#039; height=&#039;100%&#039; viewBox=&#039;0 0 24 24&#039; fill=&#039;none&#039; stroke=&#039;black&#039; stroke-width=&#039;4&#039; stroke-linecap=&#039;square&#039; stroke-miterlimit=&#039;10&#039;%3E%3Cpath d=&#039;M0,6c6,0,6,13,12,13S18,6,24,6&#039;\/%3E%3C\/svg%3E&quot;);\">\n\t\t\t<span class=\"elementor-divider-separator\">\n\t\t\t\t\t\t<\/span>\n\t\t<\/div>\n\t\t\t\t\t\t<\/div>\n\t\t\t\t<\/div>\n\t\t\t\t<div class=\"elementor-element elementor-element-696952f elementor-widget elementor-widget-bdt-breadcrumbs\" data-id=\"696952f\" data-element_type=\"widget\" data-e-type=\"widget\" data-widget_type=\"bdt-breadcrumbs.default\">\n\t\t\t\t<div class=\"elementor-widget-container\">\n\t\t\t\t\t<div class='bdt-ep-breadcrumbs-wrapper'><ul class=\"bdt-ep-breadcrumb  breadcrumb-align-center \"><li><a href=\"https:\/\/lakoukajou.ht\/en\/\"><span class=\"bdt-ep-breadcrumbs-home-icon\"> <i aria-hidden=\"true\" class=\"fas fa-home\"><\/i> <\/span>Lakou Kajou<\/a><\/li>\n<li><a href=\"https:\/\/lakoukajou.ht\/en\/children\/\">Children<\/a><\/li>\n<li><a href=\"https:\/\/lakoukajou.ht\/en\/children\/sing-a-song\/\">Sing a song<\/a><\/li>\n<li><span> Mennen m ale<\/span><\/li>\n<\/ul><\/div>\t\t\t\t<\/div>\n\t\t\t\t<\/div>\n\t\t\t\t<\/div>\n\t\t\t\t\t<\/div>\n\t\t\t\t<\/div>\n\t\t<div class=\"elementor-element elementor-element-e850026 e-flex e-con-boxed e-con e-parent\" data-id=\"e850026\" data-element_type=\"container\" data-e-type=\"container\">\n\t\t\t\t\t<div class=\"e-con-inner\">\n\t\t<div class=\"elementor-element elementor-element-63f9947 e-con-full e-flex e-con e-child\" data-id=\"63f9947\" data-element_type=\"container\" data-e-type=\"container\">\n\t\t<div class=\"elementor-element elementor-element-0093111 e-con-full e-flex e-con e-child\" data-id=\"0093111\" data-element_type=\"container\" data-e-type=\"container\" data-settings=\"{&quot;background_background&quot;:&quot;classic&quot;}\">\n\t\t\t\t<div class=\"elementor-element elementor-element-92af3de elementor-widget elementor-widget-spacer\" data-id=\"92af3de\" data-element_type=\"widget\" data-e-type=\"widget\" data-widget_type=\"spacer.default\">\n\t\t\t\t<div class=\"elementor-widget-container\">\n\t\t\t\t\t\t\t<div class=\"elementor-spacer\">\n\t\t\t<div class=\"elementor-spacer-inner\"><\/div>\n\t\t<\/div>\n\t\t\t\t\t\t<\/div>\n\t\t\t\t<\/div>\n\t\t\t\t<div class=\"elementor-element elementor-element-bf4bfa5 elementor-widget__width-initial elementor-absolute elementor-widget elementor-widget-heading\" data-id=\"bf4bfa5\" data-element_type=\"widget\" data-e-type=\"widget\" data-settings=\"{&quot;_position&quot;:&quot;absolute&quot;}\" data-widget_type=\"heading.default\">\n\t\t\t\t<div class=\"elementor-widget-container\">\n\t\t\t\t\t<h2 class=\"elementor-heading-title elementor-size-default\">Video<\/h2>\t\t\t\t<\/div>\n\t\t\t\t<\/div>\n\t\t\t\t<div class=\"elementor-element elementor-element-c8862b6 uael-video-sticky-bottom_right uael-youtube-subscribe-yes uael-aspect-ratio-16_9 uael-subscribe-responsive-none elementor-widget elementor-widget-uael-video\" data-id=\"c8862b6\" data-element_type=\"widget\" data-e-type=\"widget\" data-settings=\"{&quot;sticky_video_margin&quot;:{&quot;unit&quot;:&quot;px&quot;,&quot;top&quot;:&quot;&quot;,&quot;right&quot;:&quot;&quot;,&quot;bottom&quot;:&quot;&quot;,&quot;left&quot;:&quot;&quot;,&quot;isLinked&quot;:true},&quot;sticky_video_margin_tablet&quot;:{&quot;unit&quot;:&quot;px&quot;,&quot;top&quot;:&quot;&quot;,&quot;right&quot;:&quot;&quot;,&quot;bottom&quot;:&quot;&quot;,&quot;left&quot;:&quot;&quot;,&quot;isLinked&quot;:true},&quot;sticky_video_margin_mobile&quot;:{&quot;unit&quot;:&quot;px&quot;,&quot;top&quot;:&quot;&quot;,&quot;right&quot;:&quot;&quot;,&quot;bottom&quot;:&quot;&quot;,&quot;left&quot;:&quot;&quot;,&quot;isLinked&quot;:true}}\" data-widget_type=\"uael-video.default\">\n\t\t\t\t<div class=\"elementor-widget-container\">\n\t\t\t\t\t\t\t\t\t\t\t<div data-stickybottom=\"\" class=\"uael-video__outer-wrap  uael-video-type-youtube\" data-device=\"false\" data-vsticky=\"yes\" data-hidedesktop=\"\" data-hidetablet=\"\" data-hidemobile=\"\" data-vsticky-viewport=\"0\" data-autoplay=\"0\">\n\t\t\t\t\t\t<div class=\"uael-video-inner-wrap\">\n\t\t\t\t<div class=\"uael-video__play\" data-src=\"https:\/\/www.youtube.com\/embed\/7bQI8r1wcoA?rel=0&amp;start&amp;end&amp;controls=1&amp;mute=0&amp;modestbranding=1&amp;\">\n\t\t\t\t\t<img decoding=\"async\" class=\"uael-video__thumb\" src=\"https:\/\/i.ytimg.com\/vi\/7bQI8r1wcoA\/sddefault.jpg\" alt=\"\"><\/img>\n\t\t\t\t\t<div class=\"uael-video__play-icon uael-animation-\">\n\t\t\t\t\t\t<i aria-hidden=\"true\" class=\"fa fa-play-circle\"><\/i>\t\t\t\t\t<\/div>\n\t\t\t\t<\/div>\n\t\t\t\t\t\t\t\t\t<div class=\"uael-video-sticky-close\">\n\t\t\t\t\t\t<i class=\"fas fa-times uael-sticky-close-icon\"><\/i>\n\t\t\t\t\t<\/div>\n\t\t\t\t\t\t\t\t\t\t\t<\/div>\n\t\t<\/div>\n\t\t\t\t\t\t<div class=\"uael-subscribe-bar\">\n\t\t\t\t<div class=\"uael-subscribe-bar-prefix\">Subscribe to our YouTube Channel<\/div>\n\t\t\t\t<div class=\"uael-subscribe-content\">\n\t\t\t\t\t\t\t\t\t\t\t\t\t\t<div class=\"g-ytsubscribe\" data-channelid=\"UC5sW4l6omI4HKeygxY1vYnQ\" data-count=\"default\"><\/div>\n\t\t\t\t\t\t\t\t\t<\/div>\n\t\t\t<\/div>\n\t\t\t\t\t\t\t\t<\/div>\n\t\t\t\t<\/div>\n\t\t\t\t<\/div>\n\t\t<div class=\"elementor-element elementor-element-8a54218 e-con-full e-flex e-con e-child\" data-id=\"8a54218\" data-element_type=\"container\" data-e-type=\"container\" data-settings=\"{&quot;background_background&quot;:&quot;classic&quot;}\">\n\t\t\t\t<div class=\"elementor-element elementor-element-3b2c0a8 elementor-widget__width-initial elementor-absolute elementor-widget elementor-widget-heading\" data-id=\"3b2c0a8\" data-element_type=\"widget\" data-e-type=\"widget\" data-settings=\"{&quot;_position&quot;:&quot;absolute&quot;}\" data-widget_type=\"heading.default\">\n\t\t\t\t<div class=\"elementor-widget-container\">\n\t\t\t\t\t<h2 class=\"elementor-heading-title elementor-size-default\">Activity<\/h2>\t\t\t\t<\/div>\n\t\t\t\t<\/div>\n\t\t\t\t<div class=\"elementor-element elementor-element-a3da362 elementor-widget elementor-widget-spacer\" data-id=\"a3da362\" data-element_type=\"widget\" data-e-type=\"widget\" data-widget_type=\"spacer.default\">\n\t\t\t\t<div class=\"elementor-widget-container\">\n\t\t\t\t\t\t\t<div class=\"elementor-spacer\">\n\t\t\t<div class=\"elementor-spacer-inner\"><\/div>\n\t\t<\/div>\n\t\t\t\t\t\t<\/div>\n\t\t\t\t<\/div>\n\t\t\t\t<div class=\"elementor-element elementor-element-1da7f90 elementor-widget elementor-widget-text-editor\" data-id=\"1da7f90\" data-element_type=\"widget\" data-e-type=\"widget\" data-widget_type=\"text-editor.default\">\n\t\t\t\t<div class=\"elementor-widget-container\">\n\t\t\t\t\t\t\t\t\t<p>Create a brand new verse to add on to the song using the same melody.<\/p>\t\t\t\t\t\t\t\t<\/div>\n\t\t\t\t<\/div>\n\t\t\t\t<\/div>\n\t\t\t\t<\/div>\n\t\t<div class=\"elementor-element elementor-element-d96ea6c e-con-full e-flex e-con e-child\" data-id=\"d96ea6c\" data-element_type=\"container\" data-e-type=\"container\" data-settings=\"{&quot;background_background&quot;:&quot;classic&quot;}\">\n\t\t\t\t<div class=\"elementor-element elementor-element-3cd3b3f elementor-widget__width-initial elementor-absolute elementor-widget elementor-widget-heading\" data-id=\"3cd3b3f\" data-element_type=\"widget\" data-e-type=\"widget\" data-settings=\"{&quot;_position&quot;:&quot;absolute&quot;}\" data-widget_type=\"heading.default\">\n\t\t\t\t<div class=\"elementor-widget-container\">\n\t\t\t\t\t<h2 class=\"elementor-heading-title elementor-size-default\">Lyrics<\/h2>\t\t\t\t<\/div>\n\t\t\t\t<\/div>\n\t\t\t\t<div class=\"elementor-element elementor-element-80f3d2c elementor-widget elementor-widget-spacer\" data-id=\"80f3d2c\" data-element_type=\"widget\" data-e-type=\"widget\" data-widget_type=\"spacer.default\">\n\t\t\t\t<div class=\"elementor-widget-container\">\n\t\t\t\t\t\t\t<div class=\"elementor-spacer\">\n\t\t\t<div class=\"elementor-spacer-inner\"><\/div>\n\t\t<\/div>\n\t\t\t\t\t\t<\/div>\n\t\t\t\t<\/div>\n\t\t\t\t<div class=\"elementor-element elementor-element-e512bcb elementor-widget elementor-widget-text-editor\" data-id=\"e512bcb\" data-element_type=\"widget\" data-e-type=\"widget\" data-settings=\"{&quot;ep_scroll_box_enable&quot;:&quot;yes&quot;}\" data-widget_type=\"text-editor.default\">\n\t\t\t\t<div class=\"elementor-widget-container\">\n\t\t\t\t\t\t\t\t\t<p>Mennen m ale<\/p><p>Sol\u00e8y gen tan leve<br \/>F\u00e8 twal\u00e8t mwen pare<br \/>Se jou an ki rive<br \/>Pou m al vwayaje<br \/>Men avan mwen ale<br \/>F\u00f2 m pase kot Richa<br \/>K\u00f2m li rete tou pre<br \/>Mwen mache pou m ale kote l<\/p><p>Wi ti pye klap klap<br \/>Mennenm ale klap klap (x3)<br \/>M\u00e8si m\u00e8si ti pye<br \/>Ou te transp\u00f2te mwen an byen<\/p><p>L\u00e8 m rive kay Richa<br \/>Li ouvri li salye m<br \/>Nou prale deplase<br \/>Avan sol\u00e8y lan kouche<br \/>Gen l\u00f2t kote nou prale<br \/>F\u00f2 n pase kay Louz\u00e8t<br \/>Pou nou f\u00e8 pi rapid<br \/>N oblije ale a bisikl\u00e8t<br \/>Bisikl\u00e8t kling kling<br \/>Mennen n ale kling kling (x3)<br \/>Ti pye ti bisikl\u00e8t<br \/>Ou te transp\u00f2te nou an byen<\/p><p>Nou rive kay Louz\u00e8t<br \/>Li tr\u00e8 kontan w\u00e8 nou<br \/>Li di nou an n ale<br \/>F\u00f2 n rantre avan sol\u00e8y kouche<br \/>N ap chante n ap danse<br \/>Nou pral lakay Loulou<br \/>N pran direksyon stasyon<br \/>Pou nou ka tou pran yon tap tap<\/p><p>Ti taptap vwoum vwoum<br \/>Mennen n ale vwoum vwoum (x3)<br \/>Ti pye ti bisikl\u00e8t ti taptap<br \/>M\u00e8si pou transp\u00f2 a<\/p><p>Sol\u00e8y lan ap souri<br \/>K\u00e8 n kontan n ap rejwi<br \/>Ti taptap ap kouri<br \/>N ap kontanple lanati<br \/>F\u00f2 n rive kot Toto<br \/>Li ret sou yon zile<br \/>E se kon sa n ape pase<br \/>Nou tou pran yon bato<\/p><p>Ti bato zoum zoum<br \/>Mennen n ale zoum zoum (x3)<br \/>Ti pye ti bisikl\u00e8t<br \/>Ti taptap ti bato<br \/>M\u00e8si anpil<\/p><p>Nou bw\u00e8 dlo kokoye<br \/>Nou benyen nan lanm\u00e8<br \/>D\u00e8nye kote n prale<br \/>Se kay zanmi nou Alen<br \/>Men l\u00e8 an ape mache<br \/>F\u00f2 n ale pou n tounen<br \/>Kon sa n w\u00e8 yon ayewop\u00f2<br \/>Nou pran yon avyon pou n al kote l<\/p><p>Ti avyon vwoum vwoum<br \/>Mennen n ale voum voum (x3)<br \/>Ti pye, bisikl\u00e8t, taptap, bato, avyon m\u00e8si<br \/>anpil<\/p>\t\t\t\t\t\t\t\t<\/div>\n\t\t\t\t<\/div>\n\t\t\t\t<\/div>\n\t\t\t\t\t<\/div>\n\t\t\t\t<\/div>\n\t\t\t\t<\/div>\n\t\t","protected":false},"excerpt":{"rendered":"<p>Lakou Kajou Page Video Activity Create a brand new verse to add on to the song using the same melody. Lyrics Mennen m ale Sol\u00e8y gen tan leveF\u00e8 twal\u00e8t mwen pareSe jou an ki rivePou m al vwayajeMen avan mwen aleF\u00f2 m pase kot RichaK\u00f2m li rete tou preMwen mache pou m ale kote l [&hellip;]<\/p>\n","protected":false},"author":1,"featured_media":0,"parent":3910,"menu_order":0,"comment_status":"closed","ping_status":"closed","template":"","meta":{"site-sidebar-layout":"no-sidebar","site-content-layout":"page-builder","ast-site-content-layout":"default","site-content-style":"default","site-sidebar-style":"default","ast-global-header-display":"","ast-banner-title-visibility":"","ast-main-header-display":"","ast-hfb-above-header-display":"","ast-hfb-below-header-display":"","ast-hfb-mobile-header-display":"","site-post-title":"disabled","ast-breadcrumbs-content":"","ast-featured-img":"disabled","footer-sml-layout":"","ast-disable-related-posts":"","theme-transparent-header-meta":"default","adv-header-id-meta":"","stick-header-meta":"","header-above-stick-meta":"","header-main-stick-meta":"","header-below-stick-meta":"","astra-migrate-meta-layouts":"default","ast-page-background-enabled":"default","ast-page-background-meta":{"desktop":{"background-color":"var(--ast-global-color-4)","background-image":"","background-repeat":"repeat","background-position":"center center","background-size":"auto","background-attachment":"scroll","background-type":"","background-media":"","overlay-type":"","overlay-color":"","overlay-opacity":"","overlay-gradient":""},"tablet":{"background-color":"","background-image":"","background-repeat":"repeat","background-position":"center center","background-size":"auto","background-attachment":"scroll","background-type":"","background-media":"","overlay-type":"","overlay-color":"","overlay-opacity":"","overlay-gradient":""},"mobile":{"background-color":"","background-image":"","background-repeat":"repeat","background-position":"center center","background-size":"auto","background-attachment":"scroll","background-type":"","background-media":"","overlay-type":"","overlay-color":"","overlay-opacity":"","overlay-gradient":""}},"ast-content-background-meta":{"desktop":{"background-color":"var(--ast-global-color-5)","background-image":"","background-repeat":"repeat","background-position":"center center","background-size":"auto","background-attachment":"scroll","background-type":"","background-media":"","overlay-type":"","overlay-color":"","overlay-opacity":"","overlay-gradient":""},"tablet":{"background-color":"var(--ast-global-color-5)","background-image":"","background-repeat":"repeat","background-position":"center center","background-size":"auto","background-attachment":"scroll","background-type":"","background-media":"","overlay-type":"","overlay-color":"","overlay-opacity":"","overlay-gradient":""},"mobile":{"background-color":"var(--ast-global-color-5)","background-image":"","background-repeat":"repeat","background-position":"center center","background-size":"auto","background-attachment":"scroll","background-type":"","background-media":"","overlay-type":"","overlay-color":"","overlay-opacity":"","overlay-gradient":""}},"footnotes":""},"class_list":["post-3945","page","type-page","status-publish","hentry"],"_links":{"self":[{"href":"https:\/\/lakoukajou.ht\/en\/wp-json\/wp\/v2\/pages\/3945","targetHints":{"allow":["GET"]}}],"collection":[{"href":"https:\/\/lakoukajou.ht\/en\/wp-json\/wp\/v2\/pages"}],"about":[{"href":"https:\/\/lakoukajou.ht\/en\/wp-json\/wp\/v2\/types\/page"}],"author":[{"embeddable":true,"href":"https:\/\/lakoukajou.ht\/en\/wp-json\/wp\/v2\/users\/1"}],"replies":[{"embeddable":true,"href":"https:\/\/lakoukajou.ht\/en\/wp-json\/wp\/v2\/comments?post=3945"}],"version-history":[{"count":5,"href":"https:\/\/lakoukajou.ht\/en\/wp-json\/wp\/v2\/pages\/3945\/revisions"}],"predecessor-version":[{"id":18550,"href":"https:\/\/lakoukajou.ht\/en\/wp-json\/wp\/v2\/pages\/3945\/revisions\/18550"}],"up":[{"embeddable":true,"href":"https:\/\/lakoukajou.ht\/en\/wp-json\/wp\/v2\/pages\/3910"}],"wp:attachment":[{"href":"https:\/\/lakoukajou.ht\/en\/wp-json\/wp\/v2\/media?parent=3945"}],"curies":[{"name":"wp","href":"https:\/\/api.w.org\/{rel}","templated":true}]}}